{"id":132,"date":"2021-06-24T13:21:49","date_gmt":"2021-06-24T11:21:49","guid":{"rendered":"http:\/\/perspektivenwechsel-dittmann.de\/?page_id=132"},"modified":"2024-09-23T18:26:12","modified_gmt":"2024-09-23T16:26:12","slug":"seminare","status":"publish","type":"page","link":"https:\/\/perspektivenwechsel-dittmann.de\/?page_id=132","title":{"rendered":"Seminare"},"content":{"rendered":"\n<p>In unserer psychotherapeutischen Praxis erleben wir t\u00e4glich, dass Betroffene, F\u00fchrungskr\u00e4fte und andere Akteure am Arbeitsplatz zu sp\u00e4t aktiv werden und sehr hilflos sind, wenn es um psychische Erkrankungen geht. Es ist unser Anliegen das betriebliche Umfeld zu sensibilisieren und pr\u00e4ventive Ans\u00e4tze zu f\u00f6rdern. Seit \u00fcber 15 Jahren gestalten wir erfolgreich interaktive <strong>Seminare zu den Themen Burnout-Pr\u00e4vention, Alkohol und andere Suchtgefahren am Arbeitsplatz, Umgang mit Psychischen Erkrankungen und Gesundheitspr\u00e4vention durch erfolgreiche Organisationsentwicklung<\/strong>. Wir schulen Mitarbeitende und F\u00fchrungskr\u00e4fte unterschiedlicher Branchen in Inhouse-Weiterbildungen und bieten Seminare bei der <a href=\"https:\/\/www.bgetem.de\/seminare\/aktuelle-seminare\/seminar-burnout-erkennen-und-praevention\">BG ETEM<\/a> und beim <a href=\"https:\/\/www.praxis-institut-sued.de\/team\/weiterbildung-und-supervision#c2381\">systemischen Institut Hanau<\/a> an. Unsere Seminare sind weit im Voraus ausgebucht und werden schwerpunktm\u00e4\u00dfig von F\u00fchrungskr\u00e4ften, Betriebsr\u00e4ten, Sicherheitsfachkr\u00e4ften und Unternehmer*innen besucht. Hier sind die unterschiedlichen Perspektiven der Teilnehmenden \u00fcber Branchen und Funktionen hinweg auf dasselbe Thema hilfreich.<\/p>\n\n\n\n\n\n<p><\/p>\n","protected":false},"excerpt":{"rendered":"<p>In unserer psychotherapeutischen Praxis erleben wir t\u00e4glich, dass Betroffene, F\u00fchrungskr\u00e4fte und andere Akteure am Arbeitsplatz zu sp\u00e4t aktiv werden und sehr hilflos sind, wenn es [&#8230;]<\/p>\n","protected":false},"author":1,"featured_media":0,"parent":0,"menu_order":0,"comment_status":"closed","ping_status":"closed","template":"","meta":{"footnotes":""},"class_list":["post-132","page","type-page","status-publish","hentry"],"yoast_head":"<!-- This site is optimized with the Yoast SEO plugin v24.2 - https:\/\/yoast.com\/wordpress\/plugins\/seo\/ -->\n<title>Seminare -<\/title>\n<meta name=\"description\" content=\"Seminare Stressmanagement Burnout psychische Belastungen Workshops Unternehmen\" \/>\n<meta name=\"robots\" content=\"index, follow, max-snippet:-1, max-image-preview:large, max-video-preview:-1\" \/>\n<link rel=\"canonical\" href=\"https:\/\/perspektivenwechsel-dittmann.de\/?page_id=132\" \/>\n<meta property=\"og:locale\" content=\"de_DE\" \/>\n<meta property=\"og:type\" content=\"article\" \/>\n<meta property=\"og:title\" content=\"Seminare -\" \/>\n<meta property=\"og:description\" content=\"Seminare Stressmanagement Burnout psychische Belastungen Workshops Unternehmen\" \/>\n<meta property=\"og:url\" content=\"https:\/\/perspektivenwechsel-dittmann.de\/?page_id=132\" \/>\n<meta property=\"article:modified_time\" content=\"2024-09-23T16:26:12+00:00\" \/>\n<meta name=\"twitter:card\" content=\"summary_large_image\" \/>\n<meta name=\"twitter:label1\" content=\"Gesch\u00e4tzte Lesezeit\" \/>\n\t<meta name=\"twitter:data1\" content=\"2\u00a0Minuten\" \/>\n<script type=\"application\/ld+json\" class=\"yoast-schema-graph\">{\"@context\":\"https:\/\/schema.org\",\"@graph\":[{\"@type\":\"WebPage\",\"@id\":\"https:\/\/perspektivenwechsel-dittmann.de\/?page_id=132\",\"url\":\"https:\/\/perspektivenwechsel-dittmann.de\/?page_id=132\",\"name\":\"Seminare -\",\"isPartOf\":{\"@id\":\"https:\/\/perspektivenwechsel-dittmann.de\/#website\"},\"datePublished\":\"2021-06-24T11:21:49+00:00\",\"dateModified\":\"2024-09-23T16:26:12+00:00\",\"description\":\"Seminare Stressmanagement Burnout psychische Belastungen Workshops Unternehmen\",\"breadcrumb\":{\"@id\":\"https:\/\/perspektivenwechsel-dittmann.de\/?page_id=132#breadcrumb\"},\"inLanguage\":\"de\",\"potentialAction\":[{\"@type\":\"ReadAction\",\"target\":[\"https:\/\/perspektivenwechsel-dittmann.de\/?page_id=132\"]}]},{\"@type\":\"BreadcrumbList\",\"@id\":\"https:\/\/perspektivenwechsel-dittmann.de\/?page_id=132#breadcrumb\",\"itemListElement\":[{\"@type\":\"ListItem\",\"position\":1,\"name\":\"Startseite\",\"item\":\"https:\/\/perspektivenwechsel-dittmann.de\/\"},{\"@type\":\"ListItem\",\"position\":2,\"name\":\"Seminare\"}]},{\"@type\":\"WebSite\",\"@id\":\"https:\/\/perspektivenwechsel-dittmann.de\/#website\",\"url\":\"https:\/\/perspektivenwechsel-dittmann.de\/\",\"name\":\"\",\"description\":\"Coaching \u0387 Organisationsentwicklung \u0387 Seminare\",\"potentialAction\":[{\"@type\":\"SearchAction\",\"target\":{\"@type\":\"EntryPoint\",\"urlTemplate\":\"https:\/\/perspektivenwechsel-dittmann.de\/?s={search_term_string}\"},\"query-input\":{\"@type\":\"PropertyValueSpecification\",\"valueRequired\":true,\"valueName\":\"search_term_string\"}}],\"inLanguage\":\"de\"}]}<\/script>\n<!-- \/ Yoast SEO plugin. -->","yoast_head_json":{"title":"Seminare -","description":"Seminare Stressmanagement Burnout psychische Belastungen Workshops Unternehmen","robots":{"index":"index","follow":"follow","max-snippet":"max-snippet:-1","max-image-preview":"max-image-preview:large","max-video-preview":"max-video-preview:-1"},"canonical":"https:\/\/perspektivenwechsel-dittmann.de\/?page_id=132","og_locale":"de_DE","og_type":"article","og_title":"Seminare -","og_description":"Seminare Stressmanagement Burnout psychische Belastungen Workshops Unternehmen","og_url":"https:\/\/perspektivenwechsel-dittmann.de\/?page_id=132","article_modified_time":"2024-09-23T16:26:12+00:00","twitter_card":"summary_large_image","twitter_misc":{"Gesch\u00e4tzte Lesezeit":"2\u00a0Minuten"},"schema":{"@context":"https:\/\/schema.org","@graph":[{"@type":"WebPage","@id":"https:\/\/perspektivenwechsel-dittmann.de\/?page_id=132","url":"https:\/\/perspektivenwechsel-dittmann.de\/?page_id=132","name":"Seminare -","isPartOf":{"@id":"https:\/\/perspektivenwechsel-dittmann.de\/#website"},"datePublished":"2021-06-24T11:21:49+00:00","dateModified":"2024-09-23T16:26:12+00:00","description":"Seminare Stressmanagement Burnout psychische Belastungen Workshops Unternehmen","breadcrumb":{"@id":"https:\/\/perspektivenwechsel-dittmann.de\/?page_id=132#breadcrumb"},"inLanguage":"de","potentialAction":[{"@type":"ReadAction","target":["https:\/\/perspektivenwechsel-dittmann.de\/?page_id=132"]}]},{"@type":"BreadcrumbList","@id":"https:\/\/perspektivenwechsel-dittmann.de\/?page_id=132#breadcrumb","itemListElement":[{"@type":"ListItem","position":1,"name":"Startseite","item":"https:\/\/perspektivenwechsel-dittmann.de\/"},{"@type":"ListItem","position":2,"name":"Seminare"}]},{"@type":"WebSite","@id":"https:\/\/perspektivenwechsel-dittmann.de\/#website","url":"https:\/\/perspektivenwechsel-dittmann.de\/","name":"","description":"Coaching \u0387 Organisationsentwicklung \u0387 Seminare","potentialAction":[{"@type":"SearchAction","target":{"@type":"EntryPoint","urlTemplate":"https:\/\/perspektivenwechsel-dittmann.de\/?s={search_term_string}"},"query-input":{"@type":"PropertyValueSpecification","valueRequired":true,"valueName":"search_term_string"}}],"inLanguage":"de"}]}},"_links":{"self":[{"href":"https:\/\/perspektivenwechsel-dittmann.de\/index.php?rest_route=\/wp\/v2\/pages\/132","targetHints":{"allow":["GET"]}}],"collection":[{"href":"https:\/\/perspektivenwechsel-dittmann.de\/index.php?rest_route=\/wp\/v2\/pages"}],"about":[{"href":"https:\/\/perspektivenwechsel-dittmann.de\/index.php?rest_route=\/wp\/v2\/types\/page"}],"author":[{"embeddable":true,"href":"https:\/\/perspektivenwechsel-dittmann.de\/index.php?rest_route=\/wp\/v2\/users\/1"}],"replies":[{"embeddable":true,"href":"https:\/\/perspektivenwechsel-dittmann.de\/index.php?rest_route=%2Fwp%2Fv2%2Fcomments&post=132"}],"version-history":[{"count":3,"href":"https:\/\/perspektivenwechsel-dittmann.de\/index.php?rest_route=\/wp\/v2\/pages\/132\/revisions"}],"predecessor-version":[{"id":425,"href":"https:\/\/perspektivenwechsel-dittmann.de\/index.php?rest_route=\/wp\/v2\/pages\/132\/revisions\/425"}],"wp:attachment":[{"href":"https:\/\/perspektivenwechsel-dittmann.de\/index.php?rest_route=%2Fwp%2Fv2%2Fmedia&parent=132"}],"curies":[{"name":"wp","href":"https:\/\/api.w.org\/{rel}","templated":true}]}}