{"id":197,"date":"2021-07-02T16:32:25","date_gmt":"2021-07-02T14:32:25","guid":{"rendered":"http:\/\/perspektivenwechsel-dittmann.de\/?page_id=197"},"modified":"2025-02-05T16:41:38","modified_gmt":"2025-02-05T15:41:38","slug":"burnout","status":"publish","type":"page","link":"https:\/\/perspektivenwechsel-dittmann.de\/?page_id=197","title":{"rendered":"Burnout  &#8211; Erkennen, Ansprechen, Vorbeugen"},"content":{"rendered":"\n<p>Die Arbeitsverdichtung geht nicht spurlos an uns vorbei. Noch atemloser, mit noch mehr Dauerstress gestaltet sich unser Alltag. Psychische Erkrankungen und vor allem Burnout nehmen zu. Wer sich die Statistiken der Krankenkassen ansieht erschrickt: Nie gab es mehr Arbeitsunf\u00e4higkeitstage auf Grund psychischer Erkrankungen als heute. Doch wie k\u00f6nnen F\u00fchrungskr\u00e4fte und Akteure in Unternehmen auf diese Entwicklung reagieren? In unserem Seminar entwickeln wir sowohl pr\u00e4ventive Ans\u00e4tze als auch Ideen f\u00fcr den Umgang mit betroffenen Mitarbeitenden.<\/p>\n\n\n<div class=\"wp-block-image is-resized\">\n<figure class=\"aligncenter size-large\"><img loading=\"lazy\" decoding=\"async\" width=\"998\" height=\"1024\" src=\"http:\/\/perspektivenwechsel-dittmann.de\/wp-content\/uploads\/2021\/07\/Burnout-Seminar-998x1024.jpg\" alt=\"\" class=\"wp-image-339\" style=\"width:500px\" srcset=\"https:\/\/perspektivenwechsel-dittmann.de\/wp-content\/uploads\/2021\/07\/Burnout-Seminar-998x1024.jpg 998w, https:\/\/perspektivenwechsel-dittmann.de\/wp-content\/uploads\/2021\/07\/Burnout-Seminar-292x300.jpg 292w, https:\/\/perspektivenwechsel-dittmann.de\/wp-content\/uploads\/2021\/07\/Burnout-Seminar-768x788.jpg 768w, https:\/\/perspektivenwechsel-dittmann.de\/wp-content\/uploads\/2021\/07\/Burnout-Seminar-1496x1536.jpg 1496w, https:\/\/perspektivenwechsel-dittmann.de\/wp-content\/uploads\/2021\/07\/Burnout-Seminar-1995x2048.jpg 1995w\" sizes=\"auto, (max-width: 998px) 100vw, 998px\" \/><\/figure>\n<\/div>\n\n\n<p><strong>Seminarinhalte:<\/strong><br>Wir erarbeiten interaktiv die Definition von Burnout und das Ausma\u00df der Erkrankungen. Neben der Darstellung der aktuellen Zahlen und Daten informieren wir \u00fcber das Innenleben von Menschen mit psychischen Belastungen und veranschaulichen mit einer Spirale den \u201etypischen\u201c Verlauf eines Burnout. Mit dem \u201eModell der vielen Arme\u201c zeigen wir den Zusammenhang zwischen Stressoren und Ressourcen auf. Das Seminar ist interaktiv und l\u00e4dt mit \u00dcbungen zur Selbstreflexion dazu ein pr\u00e4ventive Ans\u00e4tze zu entdecken. Wir entwickeln wie F\u00fchrungskr\u00e4fte erste Anzeichen erkennen und ad\u00e4quat auf diese reagieren. Zentral ist dabei das F\u00fcrsorgegespr\u00e4ch, das wir trainieren.<\/p>\n\n\n\n<p><strong>Zielgruppe:<\/strong><br>F\u00fchrungskr\u00e4fte, Personaler*innen, Betriebsr\u00e4t*innen, Fachkr\u00e4fte f\u00fcr Arbeitssicherheit, Betriebs\u00e4rzt*innen.<\/p>\n\n\n\n<p><strong>Termine:<\/strong><br>Am 27.06. 2025 findet in Zusammenarbeit mit <a href=\"https:\/\/www.praxis-institut-sued.de\/\">praxis \u2013 institut\u00a0f\u00fcr systemische beratung\u00a0s\u00fcd<\/a> ein <a href=\"https:\/\/www.praxis-institut-sued.de\/fachtage\/veranstaltung\/1803-fokus-burnout-erkennen-ansprechen-vorbeugen\">Seminar zum Thema Burnout<\/a> in Hanau statt. Weitere Seminare sind \u00fcber die <a href=\"https:\/\/www.bgetem.de\/seminare\/seminardatenbank\">BG ETEM<\/a> verf\u00fcgbar. Bei Bedarf bieten wir auch In-House-Seminare an &#8211; sprechen Sie uns an!<\/p>\n\n\n\n<p><strong>Videokurse:<\/strong><\/p>\n\n\n\n<p><a href=\"https:\/\/iversity.org\/de\/courses\/burnout-erkennen-benennen-vorbeugen\" target=\"_blank\" rel=\"noreferrer noopener\">Teil 1: Burnout \u2013 Erkennen, Benennen, Vorbeugen<\/a><\/p>\n\n\n\n<p><a href=\"https:\/\/iversity.org\/de\/courses\/burnout-wie-das-fuersorgegespraech-gelingt\" target=\"_blank\" rel=\"noreferrer noopener\">Teil 2: Burnout &#8211; wie das F\u00fcrsorgegespr\u00e4ch gelingt<\/a><\/p>\n\n\n\n<p><\/p>\n\n\n","protected":false},"excerpt":{"rendered":"<p>Die Arbeitsverdichtung geht nicht spurlos an uns vorbei. Noch atemloser, mit noch mehr Dauerstress gestaltet sich unser Alltag. Psychische Erkrankungen und vor allem Burnout nehmen [&#8230;]<\/p>\n","protected":false},"author":1,"featured_media":0,"parent":0,"menu_order":0,"comment_status":"closed","ping_status":"closed","template":"","meta":{"footnotes":""},"class_list":["post-197","page","type-page","status-publish","hentry"],"yoast_head":"<!-- This site is optimized with the Yoast SEO plugin v24.2 - https:\/\/yoast.com\/wordpress\/plugins\/seo\/ -->\n<title>Burnout - Erkennen, Ansprechen, Vorbeugen -<\/title>\n<meta name=\"description\" content=\"Burnout F\u00fchrungskraft Stressmanagement Ressourcen\" \/>\n<meta name=\"robots\" content=\"index, follow, max-snippet:-1, max-image-preview:large, max-video-preview:-1\" \/>\n<link rel=\"canonical\" href=\"https:\/\/perspektivenwechsel-dittmann.de\/?page_id=197\" \/>\n<meta property=\"og:locale\" content=\"de_DE\" \/>\n<meta property=\"og:type\" content=\"article\" \/>\n<meta property=\"og:title\" content=\"Burnout - Erkennen, Ansprechen, Vorbeugen -\" \/>\n<meta property=\"og:description\" content=\"Burnout F\u00fchrungskraft Stressmanagement Ressourcen\" \/>\n<meta property=\"og:url\" content=\"https:\/\/perspektivenwechsel-dittmann.de\/?page_id=197\" \/>\n<meta property=\"article:modified_time\" content=\"2025-02-05T15:41:38+00:00\" \/>\n<meta property=\"og:image\" content=\"https:\/\/perspektivenwechsel-dittmann.de\/wp-content\/uploads\/2021\/07\/Burnout-Seminar-scaled.jpg\" \/>\n\t<meta property=\"og:image:width\" content=\"2494\" \/>\n\t<meta property=\"og:image:height\" content=\"2560\" \/>\n\t<meta property=\"og:image:type\" content=\"image\/jpeg\" \/>\n<meta name=\"twitter:card\" content=\"summary_large_image\" \/>\n<meta name=\"twitter:label1\" content=\"Gesch\u00e4tzte Lesezeit\" \/>\n\t<meta name=\"twitter:data1\" content=\"3\u00a0Minuten\" \/>\n<script type=\"application\/ld+json\" class=\"yoast-schema-graph\">{\"@context\":\"https:\/\/schema.org\",\"@graph\":[{\"@type\":\"WebPage\",\"@id\":\"https:\/\/perspektivenwechsel-dittmann.de\/?page_id=197\",\"url\":\"https:\/\/perspektivenwechsel-dittmann.de\/?page_id=197\",\"name\":\"Burnout - Erkennen, Ansprechen, Vorbeugen -\",\"isPartOf\":{\"@id\":\"https:\/\/perspektivenwechsel-dittmann.de\/#website\"},\"primaryImageOfPage\":{\"@id\":\"https:\/\/perspektivenwechsel-dittmann.de\/?page_id=197#primaryimage\"},\"image\":{\"@id\":\"https:\/\/perspektivenwechsel-dittmann.de\/?page_id=197#primaryimage\"},\"thumbnailUrl\":\"http:\/\/perspektivenwechsel-dittmann.de\/wp-content\/uploads\/2021\/07\/Burnout-Seminar-998x1024.jpg\",\"datePublished\":\"2021-07-02T14:32:25+00:00\",\"dateModified\":\"2025-02-05T15:41:38+00:00\",\"description\":\"Burnout F\u00fchrungskraft Stressmanagement Ressourcen\",\"breadcrumb\":{\"@id\":\"https:\/\/perspektivenwechsel-dittmann.de\/?page_id=197#breadcrumb\"},\"inLanguage\":\"de\",\"potentialAction\":[{\"@type\":\"ReadAction\",\"target\":[\"https:\/\/perspektivenwechsel-dittmann.de\/?page_id=197\"]}]},{\"@type\":\"ImageObject\",\"inLanguage\":\"de\",\"@id\":\"https:\/\/perspektivenwechsel-dittmann.de\/?page_id=197#primaryimage\",\"url\":\"https:\/\/perspektivenwechsel-dittmann.de\/wp-content\/uploads\/2021\/07\/Burnout-Seminar-scaled.jpg\",\"contentUrl\":\"https:\/\/perspektivenwechsel-dittmann.de\/wp-content\/uploads\/2021\/07\/Burnout-Seminar-scaled.jpg\",\"width\":2494,\"height\":2560},{\"@type\":\"BreadcrumbList\",\"@id\":\"https:\/\/perspektivenwechsel-dittmann.de\/?page_id=197#breadcrumb\",\"itemListElement\":[{\"@type\":\"ListItem\",\"position\":1,\"name\":\"Startseite\",\"item\":\"https:\/\/perspektivenwechsel-dittmann.de\/\"},{\"@type\":\"ListItem\",\"position\":2,\"name\":\"Burnout &#8211; Erkennen, Ansprechen, Vorbeugen\"}]},{\"@type\":\"WebSite\",\"@id\":\"https:\/\/perspektivenwechsel-dittmann.de\/#website\",\"url\":\"https:\/\/perspektivenwechsel-dittmann.de\/\",\"name\":\"\",\"description\":\"Coaching \u0387 Organisationsentwicklung \u0387 Seminare\",\"potentialAction\":[{\"@type\":\"SearchAction\",\"target\":{\"@type\":\"EntryPoint\",\"urlTemplate\":\"https:\/\/perspektivenwechsel-dittmann.de\/?s={search_term_string}\"},\"query-input\":{\"@type\":\"PropertyValueSpecification\",\"valueRequired\":true,\"valueName\":\"search_term_string\"}}],\"inLanguage\":\"de\"}]}<\/script>\n<!-- \/ Yoast SEO plugin. -->","yoast_head_json":{"title":"Burnout - Erkennen, Ansprechen, Vorbeugen -","description":"Burnout F\u00fchrungskraft Stressmanagement Ressourcen","robots":{"index":"index","follow":"follow","max-snippet":"max-snippet:-1","max-image-preview":"max-image-preview:large","max-video-preview":"max-video-preview:-1"},"canonical":"https:\/\/perspektivenwechsel-dittmann.de\/?page_id=197","og_locale":"de_DE","og_type":"article","og_title":"Burnout - Erkennen, Ansprechen, Vorbeugen -","og_description":"Burnout F\u00fchrungskraft Stressmanagement Ressourcen","og_url":"https:\/\/perspektivenwechsel-dittmann.de\/?page_id=197","article_modified_time":"2025-02-05T15:41:38+00:00","og_image":[{"width":2494,"height":2560,"url":"https:\/\/perspektivenwechsel-dittmann.de\/wp-content\/uploads\/2021\/07\/Burnout-Seminar-scaled.jpg","type":"image\/jpeg"}],"twitter_card":"summary_large_image","twitter_misc":{"Gesch\u00e4tzte Lesezeit":"3\u00a0Minuten"},"schema":{"@context":"https:\/\/schema.org","@graph":[{"@type":"WebPage","@id":"https:\/\/perspektivenwechsel-dittmann.de\/?page_id=197","url":"https:\/\/perspektivenwechsel-dittmann.de\/?page_id=197","name":"Burnout - Erkennen, Ansprechen, Vorbeugen -","isPartOf":{"@id":"https:\/\/perspektivenwechsel-dittmann.de\/#website"},"primaryImageOfPage":{"@id":"https:\/\/perspektivenwechsel-dittmann.de\/?page_id=197#primaryimage"},"image":{"@id":"https:\/\/perspektivenwechsel-dittmann.de\/?page_id=197#primaryimage"},"thumbnailUrl":"http:\/\/perspektivenwechsel-dittmann.de\/wp-content\/uploads\/2021\/07\/Burnout-Seminar-998x1024.jpg","datePublished":"2021-07-02T14:32:25+00:00","dateModified":"2025-02-05T15:41:38+00:00","description":"Burnout F\u00fchrungskraft Stressmanagement Ressourcen","breadcrumb":{"@id":"https:\/\/perspektivenwechsel-dittmann.de\/?page_id=197#breadcrumb"},"inLanguage":"de","potentialAction":[{"@type":"ReadAction","target":["https:\/\/perspektivenwechsel-dittmann.de\/?page_id=197"]}]},{"@type":"ImageObject","inLanguage":"de","@id":"https:\/\/perspektivenwechsel-dittmann.de\/?page_id=197#primaryimage","url":"https:\/\/perspektivenwechsel-dittmann.de\/wp-content\/uploads\/2021\/07\/Burnout-Seminar-scaled.jpg","contentUrl":"https:\/\/perspektivenwechsel-dittmann.de\/wp-content\/uploads\/2021\/07\/Burnout-Seminar-scaled.jpg","width":2494,"height":2560},{"@type":"BreadcrumbList","@id":"https:\/\/perspektivenwechsel-dittmann.de\/?page_id=197#breadcrumb","itemListElement":[{"@type":"ListItem","position":1,"name":"Startseite","item":"https:\/\/perspektivenwechsel-dittmann.de\/"},{"@type":"ListItem","position":2,"name":"Burnout &#8211; Erkennen, Ansprechen, Vorbeugen"}]},{"@type":"WebSite","@id":"https:\/\/perspektivenwechsel-dittmann.de\/#website","url":"https:\/\/perspektivenwechsel-dittmann.de\/","name":"","description":"Coaching \u0387 Organisationsentwicklung \u0387 Seminare","potentialAction":[{"@type":"SearchAction","target":{"@type":"EntryPoint","urlTemplate":"https:\/\/perspektivenwechsel-dittmann.de\/?s={search_term_string}"},"query-input":{"@type":"PropertyValueSpecification","valueRequired":true,"valueName":"search_term_string"}}],"inLanguage":"de"}]}},"_links":{"self":[{"href":"https:\/\/perspektivenwechsel-dittmann.de\/index.php?rest_route=\/wp\/v2\/pages\/197","targetHints":{"allow":["GET"]}}],"collection":[{"href":"https:\/\/perspektivenwechsel-dittmann.de\/index.php?rest_route=\/wp\/v2\/pages"}],"about":[{"href":"https:\/\/perspektivenwechsel-dittmann.de\/index.php?rest_route=\/wp\/v2\/types\/page"}],"author":[{"embeddable":true,"href":"https:\/\/perspektivenwechsel-dittmann.de\/index.php?rest_route=\/wp\/v2\/users\/1"}],"replies":[{"embeddable":true,"href":"https:\/\/perspektivenwechsel-dittmann.de\/index.php?rest_route=%2Fwp%2Fv2%2Fcomments&post=197"}],"version-history":[{"count":9,"href":"https:\/\/perspektivenwechsel-dittmann.de\/index.php?rest_route=\/wp\/v2\/pages\/197\/revisions"}],"predecessor-version":[{"id":519,"href":"https:\/\/perspektivenwechsel-dittmann.de\/index.php?rest_route=\/wp\/v2\/pages\/197\/revisions\/519"}],"wp:attachment":[{"href":"https:\/\/perspektivenwechsel-dittmann.de\/index.php?rest_route=%2Fwp%2Fv2%2Fmedia&parent=197"}],"curies":[{"name":"wp","href":"https:\/\/api.w.org\/{rel}","templated":true}]}}