{"id":204,"date":"2021-07-02T16:52:07","date_gmt":"2021-07-02T14:52:07","guid":{"rendered":"http:\/\/perspektivenwechsel-dittmann.de\/?page_id=204"},"modified":"2024-09-23T18:05:08","modified_gmt":"2024-09-23T16:05:08","slug":"systemische-organisationsentwicklung","status":"publish","type":"page","link":"https:\/\/perspektivenwechsel-dittmann.de\/?page_id=204","title":{"rendered":"Systemische Organisationsentwicklung"},"content":{"rendered":"\n<p>Das <a href=\"https:\/\/www.praxis-institut.de\/sued\" target=\"_blank\" rel=\"noreferrer noopener\">praxis institut\u00a0f\u00fcr systemische beratung\u00a0s\u00fcd<\/a> bietet in K\u00fcrze eine einj\u00e4hrige berufsbegleitende Aufbauweiterbildung\u00a0zur Systemischen Organisationsentwicklerin\/zum Systemischen Organisationsentwickler<br>im Blended-Learning-Format an. Gemeinsam mit vier weiteren Referent*innen leitet <a href=\"http:\/\/perspektivenwechsel-dittmann.de\/?page_id=234\">Eberhard Dittmann<\/a> die Weiterbildung.<\/p>\n\n\n\n<p><a href=\"http:\/\/perspektivenwechsel-dittmann.de\/\">Home<\/a>    <a href=\"http:\/\/perspektivenwechsel-dittmann.de\/?page_id=19\">Coaching <\/a>   <a href=\"http:\/\/perspektivenwechsel-dittmann.de\/?page_id=131\">Unternehmensberatung<\/a>    <a href=\"http:\/\/perspektivenwechsel-dittmann.de\/?page_id=132\">Seminare <\/a>   <a href=\"http:\/\/perspektivenwechsel-dittmann.de\/?page_id=16\">\u00dcber uns<\/a>    <a href=\"http:\/\/perspektivenwechsel-dittmann.de\/?page_id=21\">Blog<\/a>    <a href=\"http:\/\/perspektivenwechsel-dittmann.de\/?page_id=23\">Kontakt<\/a><\/p>\n","protected":false},"excerpt":{"rendered":"<p>Das praxis institut\u00a0f\u00fcr systemische beratung\u00a0s\u00fcd bietet in K\u00fcrze eine einj\u00e4hrige berufsbegleitende Aufbauweiterbildung\u00a0zur Systemischen Organisationsentwicklerin\/zum Systemischen Organisationsentwicklerim Blended-Learning-Format an. Gemeinsam mit vier weiteren Referent*innen leitet Eberhard [&#8230;]<\/p>\n","protected":false},"author":1,"featured_media":0,"parent":0,"menu_order":0,"comment_status":"closed","ping_status":"closed","template":"","meta":{"footnotes":""},"class_list":["post-204","page","type-page","status-publish","hentry"],"yoast_head":"<!-- This site is optimized with the Yoast SEO plugin v24.2 - https:\/\/yoast.com\/wordpress\/plugins\/seo\/ -->\n<title>Systemische Organisationsentwicklung -<\/title>\n<meta name=\"description\" content=\"Systemische Organisationsentwicklung Hanau Weiterbildung\" \/>\n<meta name=\"robots\" content=\"index, follow, max-snippet:-1, max-image-preview:large, max-video-preview:-1\" \/>\n<link rel=\"canonical\" href=\"https:\/\/perspektivenwechsel-dittmann.de\/?page_id=204\" \/>\n<meta property=\"og:locale\" content=\"de_DE\" \/>\n<meta property=\"og:type\" content=\"article\" \/>\n<meta property=\"og:title\" content=\"Systemische Organisationsentwicklung -\" \/>\n<meta property=\"og:description\" content=\"Systemische Organisationsentwicklung Hanau Weiterbildung\" \/>\n<meta property=\"og:url\" content=\"https:\/\/perspektivenwechsel-dittmann.de\/?page_id=204\" \/>\n<meta property=\"article:modified_time\" content=\"2024-09-23T16:05:08+00:00\" \/>\n<meta name=\"twitter:card\" content=\"summary_large_image\" \/>\n<meta name=\"twitter:label1\" content=\"Gesch\u00e4tzte Lesezeit\" \/>\n\t<meta name=\"twitter:data1\" content=\"1\u00a0Minute\" \/>\n<script type=\"application\/ld+json\" class=\"yoast-schema-graph\">{\"@context\":\"https:\/\/schema.org\",\"@graph\":[{\"@type\":\"WebPage\",\"@id\":\"https:\/\/perspektivenwechsel-dittmann.de\/?page_id=204\",\"url\":\"https:\/\/perspektivenwechsel-dittmann.de\/?page_id=204\",\"name\":\"Systemische Organisationsentwicklung -\",\"isPartOf\":{\"@id\":\"https:\/\/perspektivenwechsel-dittmann.de\/#website\"},\"datePublished\":\"2021-07-02T14:52:07+00:00\",\"dateModified\":\"2024-09-23T16:05:08+00:00\",\"description\":\"Systemische Organisationsentwicklung Hanau Weiterbildung\",\"breadcrumb\":{\"@id\":\"https:\/\/perspektivenwechsel-dittmann.de\/?page_id=204#breadcrumb\"},\"inLanguage\":\"de\",\"potentialAction\":[{\"@type\":\"ReadAction\",\"target\":[\"https:\/\/perspektivenwechsel-dittmann.de\/?page_id=204\"]}]},{\"@type\":\"BreadcrumbList\",\"@id\":\"https:\/\/perspektivenwechsel-dittmann.de\/?page_id=204#breadcrumb\",\"itemListElement\":[{\"@type\":\"ListItem\",\"position\":1,\"name\":\"Startseite\",\"item\":\"https:\/\/perspektivenwechsel-dittmann.de\/\"},{\"@type\":\"ListItem\",\"position\":2,\"name\":\"Systemische Organisationsentwicklung\"}]},{\"@type\":\"WebSite\",\"@id\":\"https:\/\/perspektivenwechsel-dittmann.de\/#website\",\"url\":\"https:\/\/perspektivenwechsel-dittmann.de\/\",\"name\":\"\",\"description\":\"Coaching \u0387 Organisationsentwicklung \u0387 Seminare\",\"potentialAction\":[{\"@type\":\"SearchAction\",\"target\":{\"@type\":\"EntryPoint\",\"urlTemplate\":\"https:\/\/perspektivenwechsel-dittmann.de\/?s={search_term_string}\"},\"query-input\":{\"@type\":\"PropertyValueSpecification\",\"valueRequired\":true,\"valueName\":\"search_term_string\"}}],\"inLanguage\":\"de\"}]}<\/script>\n<!-- \/ Yoast SEO plugin. -->","yoast_head_json":{"title":"Systemische Organisationsentwicklung -","description":"Systemische Organisationsentwicklung Hanau Weiterbildung","robots":{"index":"index","follow":"follow","max-snippet":"max-snippet:-1","max-image-preview":"max-image-preview:large","max-video-preview":"max-video-preview:-1"},"canonical":"https:\/\/perspektivenwechsel-dittmann.de\/?page_id=204","og_locale":"de_DE","og_type":"article","og_title":"Systemische Organisationsentwicklung -","og_description":"Systemische Organisationsentwicklung Hanau Weiterbildung","og_url":"https:\/\/perspektivenwechsel-dittmann.de\/?page_id=204","article_modified_time":"2024-09-23T16:05:08+00:00","twitter_card":"summary_large_image","twitter_misc":{"Gesch\u00e4tzte Lesezeit":"1\u00a0Minute"},"schema":{"@context":"https:\/\/schema.org","@graph":[{"@type":"WebPage","@id":"https:\/\/perspektivenwechsel-dittmann.de\/?page_id=204","url":"https:\/\/perspektivenwechsel-dittmann.de\/?page_id=204","name":"Systemische Organisationsentwicklung -","isPartOf":{"@id":"https:\/\/perspektivenwechsel-dittmann.de\/#website"},"datePublished":"2021-07-02T14:52:07+00:00","dateModified":"2024-09-23T16:05:08+00:00","description":"Systemische Organisationsentwicklung Hanau Weiterbildung","breadcrumb":{"@id":"https:\/\/perspektivenwechsel-dittmann.de\/?page_id=204#breadcrumb"},"inLanguage":"de","potentialAction":[{"@type":"ReadAction","target":["https:\/\/perspektivenwechsel-dittmann.de\/?page_id=204"]}]},{"@type":"BreadcrumbList","@id":"https:\/\/perspektivenwechsel-dittmann.de\/?page_id=204#breadcrumb","itemListElement":[{"@type":"ListItem","position":1,"name":"Startseite","item":"https:\/\/perspektivenwechsel-dittmann.de\/"},{"@type":"ListItem","position":2,"name":"Systemische Organisationsentwicklung"}]},{"@type":"WebSite","@id":"https:\/\/perspektivenwechsel-dittmann.de\/#website","url":"https:\/\/perspektivenwechsel-dittmann.de\/","name":"","description":"Coaching \u0387 Organisationsentwicklung \u0387 Seminare","potentialAction":[{"@type":"SearchAction","target":{"@type":"EntryPoint","urlTemplate":"https:\/\/perspektivenwechsel-dittmann.de\/?s={search_term_string}"},"query-input":{"@type":"PropertyValueSpecification","valueRequired":true,"valueName":"search_term_string"}}],"inLanguage":"de"}]}},"_links":{"self":[{"href":"https:\/\/perspektivenwechsel-dittmann.de\/index.php?rest_route=\/wp\/v2\/pages\/204","targetHints":{"allow":["GET"]}}],"collection":[{"href":"https:\/\/perspektivenwechsel-dittmann.de\/index.php?rest_route=\/wp\/v2\/pages"}],"about":[{"href":"https:\/\/perspektivenwechsel-dittmann.de\/index.php?rest_route=\/wp\/v2\/types\/page"}],"author":[{"embeddable":true,"href":"https:\/\/perspektivenwechsel-dittmann.de\/index.php?rest_route=\/wp\/v2\/users\/1"}],"replies":[{"embeddable":true,"href":"https:\/\/perspektivenwechsel-dittmann.de\/index.php?rest_route=%2Fwp%2Fv2%2Fcomments&post=204"}],"version-history":[{"count":8,"href":"https:\/\/perspektivenwechsel-dittmann.de\/index.php?rest_route=\/wp\/v2\/pages\/204\/revisions"}],"predecessor-version":[{"id":414,"href":"https:\/\/perspektivenwechsel-dittmann.de\/index.php?rest_route=\/wp\/v2\/pages\/204\/revisions\/414"}],"wp:attachment":[{"href":"https:\/\/perspektivenwechsel-dittmann.de\/index.php?rest_route=%2Fwp%2Fv2%2Fmedia&parent=204"}],"curies":[{"name":"wp","href":"https:\/\/api.w.org\/{rel}","templated":true}]}}