{"id":208,"date":"2021-07-02T21:17:13","date_gmt":"2021-07-02T19:17:13","guid":{"rendered":"http:\/\/perspektivenwechsel-dittmann.de\/?page_id=208"},"modified":"2025-04-04T09:48:07","modified_gmt":"2025-04-04T07:48:07","slug":"workshops-lebendig-gestalten","status":"publish","type":"page","link":"https:\/\/perspektivenwechsel-dittmann.de\/?page_id=208","title":{"rendered":"Impulse f\u00fcr lebendige Workshops und Gro\u00dfgruppenformate"},"content":{"rendered":"\n<p><em>Welche Elemente machen einen Workshop spannend und lebendig? Wie werden Teilnehmende zum aktiven Mitwirken motiviert? Und wie gelingt eine pr\u00e4zise Kl\u00e4rung des zugrundeliegenden Auftrags?<\/em><\/p>\n\n\n\n<p>Unterschiedliche Anl\u00e4sse m\u00fcnden in einen Workshop: von der Entwirrung von Teamkonflikten \u00fcber Transformationsprozesse bis hin zur Beratung \u00fcber zuk\u00fcnftige Weichenstellungen. Da die Intensionen, die hinter einem Workshop stecken so mannigfaltig sind, ist das wichtigste Kernst\u00fcck in der Vorbereitung die pr\u00e4zise Kl\u00e4rung des Auftrags. Hierauf legen wir einen Fokus, denn nur wer die offenen und verdeckten Ziele des Workshops kennt, kann daraus den passenden Ablaufplan entwickeln.<\/p>\n\n\n\n<p>Dann \u00f6ffnen wir unseren Methodenkoffer und teilen mit den Workshopteilnehmer:innen unterschiedliche Designs und Dramaturgien. Mit&nbsp;<a href=\"https:\/\/link.springer.com\/chapter\/10.1007\/978-3-540-76350-5_4\" target=\"_blank\" rel=\"noreferrer noopener\">congress in motion\u00ae<\/a>&nbsp;haben wir ein modulares Konzept entwickelt, das als Leitfaden dient, sich aber individuell und kreativ anpassen l\u00e4sst. Dabei gilt \u201ees beginnt bevor es beginnt\u201c und endet mit \u201eEnergie mitnehmen\u201c. Unsere interaktiven Elemente sind auch daf\u00fcr geeignet, in Schulungen oder Seminaren eine lebendige Stimmung zu erzeugen und den Austausch unter den Teilnehmenden zu f\u00f6rdern.<\/p>\n\n\n\n<p>Ein wesentliches Element eines gelungenen Workshops ist es, die Teilnehmenden zu \u00fcberraschen. Dabei ist ein gutes Gesp\u00fcr f\u00fcr die Kultur der Gruppe gefragt sowie die innere Freiheit, den eigenen Ablauf bei Bedarf laufend anzupassen. Bei der Moderation geht es vor allem um Mut, Leichtigkeit und Lebendigkeit. Dazu f\u00fchren wir kleinere Trainingscamps durch, in denen die Teilnehmenden selbst Dinge ausprobieren k\u00f6nnen.<\/p>\n\n\n\n<p>Wir arbeiten auf zwei Ebenen. Anhand von konkreten Vorhaben aus der Praxis der Teilnehmenden kreieren wir gemeinsam Ideen und Impulse f\u00fcr ihre Workshops. Gleichzeitig ist diese Veranstaltung selbst ein Workshop und wir gehen immer wieder auf die Metaebene der Reflexion.<\/p>\n\n\n\n<p><strong>Zielgruppe:<\/strong><br>F\u00fchrungskr\u00e4fte, Supervisoren:innen und Trainer:innen, es sind aber alle herzlich eingeladen, die Workshops planen und durchf\u00fchren, sowie alle, die neue Impulse f\u00fcr ihre Workshops oder Seminare suchen. <\/p>\n\n\n\n<p>Haben wir Ihr Interesse geweckt? <a href=\"http:\/\/perspektivenwechsel-dittmann.de\/?page_id=23\">Schreiben Sie uns an.<\/a><\/p>\n\n\n\n<p>Am <strong>27. \u2013 28.11.2025<\/strong>\u00a0findet in Zusammenarbeit mit dem <strong><a href=\"https:\/\/www.praxis-institut-sued.de\/\" target=\"_blank\" rel=\"noreferrer noopener\">Praxis Institut f\u00fcr Systemische Beratung Hanau<\/a><\/strong> ein <a href=\"https:\/\/www.praxis-institut-sued.de\/fortbildungsworkshops\/veranstaltung\/1824-von-der-idee-zur-interaktion-impulse-fuer-lebendige-workshops-und-grossgruppenformate\" target=\"_blank\" rel=\"noreferrer noopener\">Fortbildungsworkshop<\/a> zu diesem zu diesem Thema statt.<\/p>\n\n\n\n\n\n<p><\/p>\n","protected":false},"excerpt":{"rendered":"<p>Welche Elemente machen einen Workshop spannend und lebendig? Wie werden Teilnehmende zum aktiven Mitwirken motiviert? Und wie gelingt eine pr\u00e4zise Kl\u00e4rung des zugrundeliegenden Auftrags? Unterschiedliche [&#8230;]<\/p>\n","protected":false},"author":1,"featured_media":0,"parent":0,"menu_order":0,"comment_status":"closed","ping_status":"closed","template":"","meta":{"footnotes":""},"class_list":["post-208","page","type-page","status-publish","hentry"],"yoast_head":"<!-- This site is optimized with the Yoast SEO plugin v24.2 - https:\/\/yoast.com\/wordpress\/plugins\/seo\/ -->\n<title>Impulse f\u00fcr lebendige Workshops und Gro\u00dfgruppenformate -<\/title>\n<meta name=\"description\" content=\"Workshop Moderation F\u00fchrungskraft Changemanagement Kommunikation Motivation\" \/>\n<meta name=\"robots\" content=\"index, follow, max-snippet:-1, max-image-preview:large, max-video-preview:-1\" \/>\n<link rel=\"canonical\" href=\"https:\/\/perspektivenwechsel-dittmann.de\/?page_id=208\" \/>\n<meta property=\"og:locale\" content=\"de_DE\" \/>\n<meta property=\"og:type\" content=\"article\" \/>\n<meta property=\"og:title\" content=\"Impulse f\u00fcr lebendige Workshops und Gro\u00dfgruppenformate -\" \/>\n<meta property=\"og:description\" content=\"Workshop Moderation F\u00fchrungskraft Changemanagement Kommunikation Motivation\" \/>\n<meta property=\"og:url\" content=\"https:\/\/perspektivenwechsel-dittmann.de\/?page_id=208\" \/>\n<meta property=\"article:modified_time\" content=\"2025-04-04T07:48:07+00:00\" \/>\n<meta name=\"twitter:card\" content=\"summary_large_image\" \/>\n<meta name=\"twitter:label1\" content=\"Gesch\u00e4tzte Lesezeit\" \/>\n\t<meta name=\"twitter:data1\" content=\"4\u00a0Minuten\" \/>\n<script type=\"application\/ld+json\" class=\"yoast-schema-graph\">{\"@context\":\"https:\/\/schema.org\",\"@graph\":[{\"@type\":\"WebPage\",\"@id\":\"https:\/\/perspektivenwechsel-dittmann.de\/?page_id=208\",\"url\":\"https:\/\/perspektivenwechsel-dittmann.de\/?page_id=208\",\"name\":\"Impulse f\u00fcr lebendige Workshops und Gro\u00dfgruppenformate -\",\"isPartOf\":{\"@id\":\"https:\/\/perspektivenwechsel-dittmann.de\/#website\"},\"datePublished\":\"2021-07-02T19:17:13+00:00\",\"dateModified\":\"2025-04-04T07:48:07+00:00\",\"description\":\"Workshop Moderation F\u00fchrungskraft Changemanagement Kommunikation Motivation\",\"breadcrumb\":{\"@id\":\"https:\/\/perspektivenwechsel-dittmann.de\/?page_id=208#breadcrumb\"},\"inLanguage\":\"de\",\"potentialAction\":[{\"@type\":\"ReadAction\",\"target\":[\"https:\/\/perspektivenwechsel-dittmann.de\/?page_id=208\"]}]},{\"@type\":\"BreadcrumbList\",\"@id\":\"https:\/\/perspektivenwechsel-dittmann.de\/?page_id=208#breadcrumb\",\"itemListElement\":[{\"@type\":\"ListItem\",\"position\":1,\"name\":\"Startseite\",\"item\":\"https:\/\/perspektivenwechsel-dittmann.de\/\"},{\"@type\":\"ListItem\",\"position\":2,\"name\":\"Impulse f\u00fcr lebendige Workshops und Gro\u00dfgruppenformate\"}]},{\"@type\":\"WebSite\",\"@id\":\"https:\/\/perspektivenwechsel-dittmann.de\/#website\",\"url\":\"https:\/\/perspektivenwechsel-dittmann.de\/\",\"name\":\"\",\"description\":\"Coaching \u0387 Organisationsentwicklung \u0387 Seminare\",\"potentialAction\":[{\"@type\":\"SearchAction\",\"target\":{\"@type\":\"EntryPoint\",\"urlTemplate\":\"https:\/\/perspektivenwechsel-dittmann.de\/?s={search_term_string}\"},\"query-input\":{\"@type\":\"PropertyValueSpecification\",\"valueRequired\":true,\"valueName\":\"search_term_string\"}}],\"inLanguage\":\"de\"}]}<\/script>\n<!-- \/ Yoast SEO plugin. -->","yoast_head_json":{"title":"Impulse f\u00fcr lebendige Workshops und Gro\u00dfgruppenformate -","description":"Workshop Moderation F\u00fchrungskraft Changemanagement Kommunikation Motivation","robots":{"index":"index","follow":"follow","max-snippet":"max-snippet:-1","max-image-preview":"max-image-preview:large","max-video-preview":"max-video-preview:-1"},"canonical":"https:\/\/perspektivenwechsel-dittmann.de\/?page_id=208","og_locale":"de_DE","og_type":"article","og_title":"Impulse f\u00fcr lebendige Workshops und Gro\u00dfgruppenformate -","og_description":"Workshop Moderation F\u00fchrungskraft Changemanagement Kommunikation Motivation","og_url":"https:\/\/perspektivenwechsel-dittmann.de\/?page_id=208","article_modified_time":"2025-04-04T07:48:07+00:00","twitter_card":"summary_large_image","twitter_misc":{"Gesch\u00e4tzte Lesezeit":"4\u00a0Minuten"},"schema":{"@context":"https:\/\/schema.org","@graph":[{"@type":"WebPage","@id":"https:\/\/perspektivenwechsel-dittmann.de\/?page_id=208","url":"https:\/\/perspektivenwechsel-dittmann.de\/?page_id=208","name":"Impulse f\u00fcr lebendige Workshops und Gro\u00dfgruppenformate -","isPartOf":{"@id":"https:\/\/perspektivenwechsel-dittmann.de\/#website"},"datePublished":"2021-07-02T19:17:13+00:00","dateModified":"2025-04-04T07:48:07+00:00","description":"Workshop Moderation F\u00fchrungskraft Changemanagement Kommunikation Motivation","breadcrumb":{"@id":"https:\/\/perspektivenwechsel-dittmann.de\/?page_id=208#breadcrumb"},"inLanguage":"de","potentialAction":[{"@type":"ReadAction","target":["https:\/\/perspektivenwechsel-dittmann.de\/?page_id=208"]}]},{"@type":"BreadcrumbList","@id":"https:\/\/perspektivenwechsel-dittmann.de\/?page_id=208#breadcrumb","itemListElement":[{"@type":"ListItem","position":1,"name":"Startseite","item":"https:\/\/perspektivenwechsel-dittmann.de\/"},{"@type":"ListItem","position":2,"name":"Impulse f\u00fcr lebendige Workshops und Gro\u00dfgruppenformate"}]},{"@type":"WebSite","@id":"https:\/\/perspektivenwechsel-dittmann.de\/#website","url":"https:\/\/perspektivenwechsel-dittmann.de\/","name":"","description":"Coaching \u0387 Organisationsentwicklung \u0387 Seminare","potentialAction":[{"@type":"SearchAction","target":{"@type":"EntryPoint","urlTemplate":"https:\/\/perspektivenwechsel-dittmann.de\/?s={search_term_string}"},"query-input":{"@type":"PropertyValueSpecification","valueRequired":true,"valueName":"search_term_string"}}],"inLanguage":"de"}]}},"_links":{"self":[{"href":"https:\/\/perspektivenwechsel-dittmann.de\/index.php?rest_route=\/wp\/v2\/pages\/208","targetHints":{"allow":["GET"]}}],"collection":[{"href":"https:\/\/perspektivenwechsel-dittmann.de\/index.php?rest_route=\/wp\/v2\/pages"}],"about":[{"href":"https:\/\/perspektivenwechsel-dittmann.de\/index.php?rest_route=\/wp\/v2\/types\/page"}],"author":[{"embeddable":true,"href":"https:\/\/perspektivenwechsel-dittmann.de\/index.php?rest_route=\/wp\/v2\/users\/1"}],"replies":[{"embeddable":true,"href":"https:\/\/perspektivenwechsel-dittmann.de\/index.php?rest_route=%2Fwp%2Fv2%2Fcomments&post=208"}],"version-history":[{"count":5,"href":"https:\/\/perspektivenwechsel-dittmann.de\/index.php?rest_route=\/wp\/v2\/pages\/208\/revisions"}],"predecessor-version":[{"id":523,"href":"https:\/\/perspektivenwechsel-dittmann.de\/index.php?rest_route=\/wp\/v2\/pages\/208\/revisions\/523"}],"wp:attachment":[{"href":"https:\/\/perspektivenwechsel-dittmann.de\/index.php?rest_route=%2Fwp%2Fv2%2Fmedia&parent=208"}],"curies":[{"name":"wp","href":"https:\/\/api.w.org\/{rel}","templated":true}]}}