{"id":448,"date":"2024-09-23T19:01:54","date_gmt":"2024-09-23T17:01:54","guid":{"rendered":"https:\/\/perspektivenwechsel-dittmann.de\/?page_id=448"},"modified":"2024-09-23T19:05:05","modified_gmt":"2024-09-23T17:05:05","slug":"gesundheitspraevention-durch-erfolgreiche-organisationsentwicklung","status":"publish","type":"page","link":"https:\/\/perspektivenwechsel-dittmann.de\/?page_id=448","title":{"rendered":"Gesundheitspr\u00e4vention durch erfolgreiche Organisationsentwicklung"},"content":{"rendered":"\n<p>Die aktuellen Herausforderungen der Arbeitswelt lassen sich mit den Begriffen Komplexit\u00e4t, Wissensexplosion, Informationsvielfallt und k\u00fcnstliche Intelligenz charakterisieren.&nbsp;F\u00fchrungskr\u00e4fte und Mitarbeitende erleben als einzige Konstanze in dieser Entwicklung die Ver\u00e4nderung. Dabei nimmt die subjektiv empfundene Geschwindigkeit der Ver\u00e4nderung laufend zu. Einher geht dies mit einem Verlust an Sicherheit. Viele sind mit der empfundenen Unsicherheit \u00fcberfordert.&nbsp; Wenn sich Organisationsentwicklung als schlecht gemacht und kommunikativ wenig effizient herausstellt \u2013 meist als Resultat einer \u00fcberforderten F\u00fchrung \u2013 kommt es zu einer Erh\u00f6hung der Krankentage und einer Zunahme von psychischen Auff\u00e4lligkeiten. Gerade F\u00fchrungskr\u00e4fte des mittleren Management geraten hier h\u00e4ufig in eine \u201eSandwich-Falle\u201c.<\/p>\n\n\n\n<p><strong>Seminarinhalt:<\/strong><br>Wie gestalteten sich Ver\u00e4nderungsprozesse so, dass die wirtschaftlichen Interessen und die Belange der Mitarbeitenden in Balance sind? Wir stellen verschiedene Modelle vor. Dabei steht die Haltung der F\u00fchrungskraft im Fokus. Dazu bieten wir verschiedene interaktive \u00dcbungen an.\u00a0<br>Schon Goethe sagte: \u201e das was bedenke, mehr bedenke wie\u201c. Vor allem in klein- und mittelgro\u00dfen Betrieben ist der Spielraum hoch, auch wenn wenig Schulung vorhanden ist. Wir erarbeiten verschiedene Szenarien. Auch wenn ich als F\u00fchrungskraft klar bin, muss ich es auch klar kommunizieren k\u00f6nnen. Dies \u00fcben wir mit verschiedenen Rollenspielen.<\/p>\n\n\n\n<p><strong>Zielgruppe:<\/strong><br>F\u00fchrungskr\u00e4fte, Personaler*innen, Betriebsr\u00e4t*innen, Fachkr\u00e4fte f\u00fcr Arbeitssicherheit, Projektleitungen<\/p>\n","protected":false},"excerpt":{"rendered":"<p>Die aktuellen Herausforderungen der Arbeitswelt lassen sich mit den Begriffen Komplexit\u00e4t, Wissensexplosion, Informationsvielfallt und k\u00fcnstliche Intelligenz charakterisieren.&nbsp;F\u00fchrungskr\u00e4fte und Mitarbeitende erleben als einzige Konstanze in dieser [&#8230;]<\/p>\n","protected":false},"author":1,"featured_media":0,"parent":0,"menu_order":0,"comment_status":"closed","ping_status":"closed","template":"","meta":{"footnotes":""},"class_list":["post-448","page","type-page","status-publish","hentry"],"yoast_head":"<!-- This site is optimized with the Yoast SEO plugin v24.2 - https:\/\/yoast.com\/wordpress\/plugins\/seo\/ -->\n<title>Gesundheitspr\u00e4vention durch erfolgreiche Organisationsentwicklung -<\/title>\n<meta name=\"robots\" content=\"index, follow, max-snippet:-1, max-image-preview:large, max-video-preview:-1\" \/>\n<link rel=\"canonical\" href=\"https:\/\/perspektivenwechsel-dittmann.de\/?page_id=448\" \/>\n<meta property=\"og:locale\" content=\"de_DE\" \/>\n<meta property=\"og:type\" content=\"article\" \/>\n<meta property=\"og:title\" content=\"Gesundheitspr\u00e4vention durch erfolgreiche Organisationsentwicklung -\" \/>\n<meta property=\"og:description\" content=\"Die aktuellen Herausforderungen der Arbeitswelt lassen sich mit den Begriffen Komplexit\u00e4t, Wissensexplosion, Informationsvielfallt und k\u00fcnstliche Intelligenz charakterisieren.&nbsp;F\u00fchrungskr\u00e4fte und Mitarbeitende erleben als einzige Konstanze in dieser [...]\" \/>\n<meta property=\"og:url\" content=\"https:\/\/perspektivenwechsel-dittmann.de\/?page_id=448\" \/>\n<meta property=\"article:modified_time\" content=\"2024-09-23T17:05:05+00:00\" \/>\n<meta name=\"twitter:card\" content=\"summary_large_image\" \/>\n<meta name=\"twitter:label1\" content=\"Gesch\u00e4tzte Lesezeit\" \/>\n\t<meta name=\"twitter:data1\" content=\"2\u00a0Minuten\" \/>\n<script type=\"application\/ld+json\" class=\"yoast-schema-graph\">{\"@context\":\"https:\/\/schema.org\",\"@graph\":[{\"@type\":\"WebPage\",\"@id\":\"https:\/\/perspektivenwechsel-dittmann.de\/?page_id=448\",\"url\":\"https:\/\/perspektivenwechsel-dittmann.de\/?page_id=448\",\"name\":\"Gesundheitspr\u00e4vention durch erfolgreiche Organisationsentwicklung -\",\"isPartOf\":{\"@id\":\"https:\/\/perspektivenwechsel-dittmann.de\/#website\"},\"datePublished\":\"2024-09-23T17:01:54+00:00\",\"dateModified\":\"2024-09-23T17:05:05+00:00\",\"breadcrumb\":{\"@id\":\"https:\/\/perspektivenwechsel-dittmann.de\/?page_id=448#breadcrumb\"},\"inLanguage\":\"de\",\"potentialAction\":[{\"@type\":\"ReadAction\",\"target\":[\"https:\/\/perspektivenwechsel-dittmann.de\/?page_id=448\"]}]},{\"@type\":\"BreadcrumbList\",\"@id\":\"https:\/\/perspektivenwechsel-dittmann.de\/?page_id=448#breadcrumb\",\"itemListElement\":[{\"@type\":\"ListItem\",\"position\":1,\"name\":\"Startseite\",\"item\":\"https:\/\/perspektivenwechsel-dittmann.de\/\"},{\"@type\":\"ListItem\",\"position\":2,\"name\":\"Gesundheitspr\u00e4vention durch erfolgreiche Organisationsentwicklung\"}]},{\"@type\":\"WebSite\",\"@id\":\"https:\/\/perspektivenwechsel-dittmann.de\/#website\",\"url\":\"https:\/\/perspektivenwechsel-dittmann.de\/\",\"name\":\"\",\"description\":\"Coaching \u0387 Organisationsentwicklung \u0387 Seminare\",\"potentialAction\":[{\"@type\":\"SearchAction\",\"target\":{\"@type\":\"EntryPoint\",\"urlTemplate\":\"https:\/\/perspektivenwechsel-dittmann.de\/?s={search_term_string}\"},\"query-input\":{\"@type\":\"PropertyValueSpecification\",\"valueRequired\":true,\"valueName\":\"search_term_string\"}}],\"inLanguage\":\"de\"}]}<\/script>\n<!-- \/ Yoast SEO plugin. -->","yoast_head_json":{"title":"Gesundheitspr\u00e4vention durch erfolgreiche Organisationsentwicklung -","robots":{"index":"index","follow":"follow","max-snippet":"max-snippet:-1","max-image-preview":"max-image-preview:large","max-video-preview":"max-video-preview:-1"},"canonical":"https:\/\/perspektivenwechsel-dittmann.de\/?page_id=448","og_locale":"de_DE","og_type":"article","og_title":"Gesundheitspr\u00e4vention durch erfolgreiche Organisationsentwicklung -","og_description":"Die aktuellen Herausforderungen der Arbeitswelt lassen sich mit den Begriffen Komplexit\u00e4t, Wissensexplosion, Informationsvielfallt und k\u00fcnstliche Intelligenz charakterisieren.&nbsp;F\u00fchrungskr\u00e4fte und Mitarbeitende erleben als einzige Konstanze in dieser [...]","og_url":"https:\/\/perspektivenwechsel-dittmann.de\/?page_id=448","article_modified_time":"2024-09-23T17:05:05+00:00","twitter_card":"summary_large_image","twitter_misc":{"Gesch\u00e4tzte Lesezeit":"2\u00a0Minuten"},"schema":{"@context":"https:\/\/schema.org","@graph":[{"@type":"WebPage","@id":"https:\/\/perspektivenwechsel-dittmann.de\/?page_id=448","url":"https:\/\/perspektivenwechsel-dittmann.de\/?page_id=448","name":"Gesundheitspr\u00e4vention durch erfolgreiche Organisationsentwicklung -","isPartOf":{"@id":"https:\/\/perspektivenwechsel-dittmann.de\/#website"},"datePublished":"2024-09-23T17:01:54+00:00","dateModified":"2024-09-23T17:05:05+00:00","breadcrumb":{"@id":"https:\/\/perspektivenwechsel-dittmann.de\/?page_id=448#breadcrumb"},"inLanguage":"de","potentialAction":[{"@type":"ReadAction","target":["https:\/\/perspektivenwechsel-dittmann.de\/?page_id=448"]}]},{"@type":"BreadcrumbList","@id":"https:\/\/perspektivenwechsel-dittmann.de\/?page_id=448#breadcrumb","itemListElement":[{"@type":"ListItem","position":1,"name":"Startseite","item":"https:\/\/perspektivenwechsel-dittmann.de\/"},{"@type":"ListItem","position":2,"name":"Gesundheitspr\u00e4vention durch erfolgreiche Organisationsentwicklung"}]},{"@type":"WebSite","@id":"https:\/\/perspektivenwechsel-dittmann.de\/#website","url":"https:\/\/perspektivenwechsel-dittmann.de\/","name":"","description":"Coaching \u0387 Organisationsentwicklung \u0387 Seminare","potentialAction":[{"@type":"SearchAction","target":{"@type":"EntryPoint","urlTemplate":"https:\/\/perspektivenwechsel-dittmann.de\/?s={search_term_string}"},"query-input":{"@type":"PropertyValueSpecification","valueRequired":true,"valueName":"search_term_string"}}],"inLanguage":"de"}]}},"_links":{"self":[{"href":"https:\/\/perspektivenwechsel-dittmann.de\/index.php?rest_route=\/wp\/v2\/pages\/448","targetHints":{"allow":["GET"]}}],"collection":[{"href":"https:\/\/perspektivenwechsel-dittmann.de\/index.php?rest_route=\/wp\/v2\/pages"}],"about":[{"href":"https:\/\/perspektivenwechsel-dittmann.de\/index.php?rest_route=\/wp\/v2\/types\/page"}],"author":[{"embeddable":true,"href":"https:\/\/perspektivenwechsel-dittmann.de\/index.php?rest_route=\/wp\/v2\/users\/1"}],"replies":[{"embeddable":true,"href":"https:\/\/perspektivenwechsel-dittmann.de\/index.php?rest_route=%2Fwp%2Fv2%2Fcomments&post=448"}],"version-history":[{"count":2,"href":"https:\/\/perspektivenwechsel-dittmann.de\/index.php?rest_route=\/wp\/v2\/pages\/448\/revisions"}],"predecessor-version":[{"id":452,"href":"https:\/\/perspektivenwechsel-dittmann.de\/index.php?rest_route=\/wp\/v2\/pages\/448\/revisions\/452"}],"wp:attachment":[{"href":"https:\/\/perspektivenwechsel-dittmann.de\/index.php?rest_route=%2Fwp%2Fv2%2Fmedia&parent=448"}],"curies":[{"name":"wp","href":"https:\/\/api.w.org\/{rel}","templated":true}]}}